{"id":47,"date":"2021-06-13T18:24:26","date_gmt":"2021-06-13T16:24:26","guid":{"rendered":"http:\/\/www.msa.yt\/?page_id=47"},"modified":"2022-04-21T21:43:36","modified_gmt":"2022-04-21T19:43:36","slug":"bonjour","status":"publish","type":"page","link":"https:\/\/www.msa.yt\/","title":{"rendered":"Bonjour Mission Social et Administratif vous souhaite la bienvenue"},"content":{"rendered":"\n<p><\/p>\n\n\n\n<figure class=\"wp-block-gallery columns-2 is-cropped wp-block-gallery-1 is-layout-flex wp-block-gallery-is-layout-flex\"><ul class=\"blocks-gallery-grid\"><li class=\"blocks-gallery-item\"><figure><img loading=\"lazy\" decoding=\"async\" width=\"224\" height=\"224\" src=\"http:\/\/www.msa.yt\/wp-content\/uploads\/2022\/02\/logo-administratif.png\" alt=\"\" data-id=\"84\" data-full-url=\"http:\/\/www.msa.yt\/wp-content\/uploads\/2022\/02\/logo-administratif.png\" data-link=\"https:\/\/www.msa.yt\/?attachment_id=84\" class=\"wp-image-84\" srcset=\"https:\/\/www.msa.yt\/wp-content\/uploads\/2022\/02\/logo-administratif.png 224w, https:\/\/www.msa.yt\/wp-content\/uploads\/2022\/02\/logo-administratif-150x150.png 150w\" sizes=\"auto, (max-width: 224px) 100vw, 224px\" \/><figcaption class=\"blocks-gallery-item__caption\">volet administratif et social<\/figcaption><\/figure><\/li><li class=\"blocks-gallery-item\"><figure><img loading=\"lazy\" decoding=\"async\" width=\"260\" height=\"260\" src=\"http:\/\/www.msa.yt\/wp-content\/uploads\/2022\/02\/logo-comptable.jpg\" alt=\"\" data-id=\"85\" data-full-url=\"http:\/\/www.msa.yt\/wp-content\/uploads\/2022\/02\/logo-comptable.jpg\" data-link=\"https:\/\/www.msa.yt\/?attachment_id=85\" class=\"wp-image-85\" srcset=\"https:\/\/www.msa.yt\/wp-content\/uploads\/2022\/02\/logo-comptable.jpg 260w, https:\/\/www.msa.yt\/wp-content\/uploads\/2022\/02\/logo-comptable-150x150.jpg 150w\" sizes=\"auto, (max-width: 260px) 100vw, 260px\" \/><figcaption class=\"blocks-gallery-item__caption\">volet Finance<\/figcaption><\/figure><\/li><\/ul><\/figure>\n\n\n\n<p class=\"has-text-align-center has-white-color has-text-color has-background\" style=\"background-color:#212461;font-size:48px;line-height:0.8\"><strong>Nous vous accueillons dans nos bureaux<\/strong><\/p>\n\n\n\n<p class=\"has-text-align-center has-white-color has-text-color has-background\" style=\"background-color:#212461;font-size:36px\">du Lundi au Vendredi  de  8h \u00e0 12h et l&#8217;apr\u00e8s-midi de 13h \u00e0 18h<\/p>\n\n\n\n<p class=\"has-text-align-center has-white-color has-text-color has-background\" style=\"background-color:#a30003;font-size:25px\">vous pouvez \u00e9galement nous joindre au 0269 63 28 44 ou par mail secretaire-general@msa.yt<\/p>\n","protected":false},"excerpt":{"rendered":"<p>Nous vous accueillons dans nos bureaux du Lundi au Vendredi de 8h \u00e0 12h et l&#8217;apr\u00e8s-midi de 13h \u00e0 18h vous pouvez \u00e9galement nous joindre au 0269 63 28 44 ou par mail secretaire-general@msa.yt<\/p>\n","protected":false},"author":1,"featured_media":0,"parent":0,"menu_order":0,"comment_status":"closed","ping_status":"closed","template":"","meta":{"footnotes":""},"class_list":["post-47","page","type-page","status-publish","hentry"],"_links":{"self":[{"href":"https:\/\/www.msa.yt\/index.php\/wp-json\/wp\/v2\/pages\/47","targetHints":{"allow":["GET"]}}],"collection":[{"href":"https:\/\/www.msa.yt\/index.php\/wp-json\/wp\/v2\/pages"}],"about":[{"href":"https:\/\/www.msa.yt\/index.php\/wp-json\/wp\/v2\/types\/page"}],"author":[{"embeddable":true,"href":"https:\/\/www.msa.yt\/index.php\/wp-json\/wp\/v2\/users\/1"}],"replies":[{"embeddable":true,"href":"https:\/\/www.msa.yt\/index.php\/wp-json\/wp\/v2\/comments?post=47"}],"version-history":[{"count":13,"href":"https:\/\/www.msa.yt\/index.php\/wp-json\/wp\/v2\/pages\/47\/revisions"}],"predecessor-version":[{"id":106,"href":"https:\/\/www.msa.yt\/index.php\/wp-json\/wp\/v2\/pages\/47\/revisions\/106"}],"wp:attachment":[{"href":"https:\/\/www.msa.yt\/index.php\/wp-json\/wp\/v2\/media?parent=47"}],"curies":[{"name":"wp","href":"https:\/\/api.w.org\/{rel}","templated":true}]}}